{"id":722,"date":"2017-08-02T09:56:34","date_gmt":"2017-08-02T07:56:34","guid":{"rendered":"http:\/\/www.gite-baran.fr\/?page_id=722"},"modified":"2023-10-13T12:38:03","modified_gmt":"2023-10-13T10:38:03","slug":"partenaires-sites-amis","status":"publish","type":"page","link":"https:\/\/www.gite-baran.fr\/index.php\/partenaires-sites-amis\/","title":{"rendered":"Partenaires et sites amis"},"content":{"rendered":"<p><a href=\"https:\/\/www.perigord.com\"><img loading=\"lazy\" decoding=\"async\" class=\"alignleft wp-image-723 size-medium\" title=\"Perigord.com : site de tourisme en dordogne\" src=\"https:\/\/www.gite-baran.fr\/wp-content\/uploads\/2017\/08\/recommand\u00e9-par-300x127.png\" alt=\"recommand\u00e9 par Perigord.com\" width=\"300\" height=\"127\" srcset=\"https:\/\/www.gite-baran.fr\/wp-content\/uploads\/2017\/08\/recommand\u00e9-par-300x127.png 300w, https:\/\/www.gite-baran.fr\/wp-content\/uploads\/2017\/08\/recommand\u00e9-par.png 427w\" sizes=\"(max-width: 300px) 100vw, 300px\" \/>Perigord.com : Site Portail de tourisme en Dordogne: H\u00e9bergement, visites, loisirs, restaurants, agenda, infos pratiques et m\u00e9t\u00e9o. Le site pour Pr\u00e9parer vos vacances en P\u00e9rigord<\/a><\/p>\n","protected":false},"excerpt":{"rendered":"<p>Perigord.com : Site Portail de tourisme en Dordogne: H\u00e9bergement, visites, loisirs, restaurants, agenda, infos pratiques et m\u00e9t\u00e9o. Le site pour Pr\u00e9parer vos vacances en P\u00e9rigord<\/p>\n","protected":false},"author":1,"featured_media":0,"parent":0,"menu_order":0,"comment_status":"closed","ping_status":"closed","template":"","meta":{"ngg_post_thumbnail":0,"footnotes":""},"_links":{"self":[{"href":"https:\/\/www.gite-baran.fr\/index.php\/wp-json\/wp\/v2\/pages\/722"}],"collection":[{"href":"https:\/\/www.gite-baran.fr\/index.php\/wp-json\/wp\/v2\/pages"}],"about":[{"href":"https:\/\/www.gite-baran.fr\/index.php\/wp-json\/wp\/v2\/types\/page"}],"author":[{"embeddable":true,"href":"https:\/\/www.gite-baran.fr\/index.php\/wp-json\/wp\/v2\/users\/1"}],"replies":[{"embeddable":true,"href":"https:\/\/www.gite-baran.fr\/index.php\/wp-json\/wp\/v2\/comments?post=722"}],"version-history":[{"count":1,"href":"https:\/\/www.gite-baran.fr\/index.php\/wp-json\/wp\/v2\/pages\/722\/revisions"}],"predecessor-version":[{"id":896,"href":"https:\/\/www.gite-baran.fr\/index.php\/wp-json\/wp\/v2\/pages\/722\/revisions\/896"}],"wp:attachment":[{"href":"https:\/\/www.gite-baran.fr\/index.php\/wp-json\/wp\/v2\/media?parent=722"}],"curies":[{"name":"wp","href":"https:\/\/api.w.org\/{rel}","templated":true}]}}