{"id":14,"date":"2012-02-29T10:34:57","date_gmt":"2012-02-29T10:34:57","guid":{"rendered":"http:\/\/www.cssigniter.com\/preview\/philoxenia\/?page_id=14"},"modified":"2023-09-28T12:04:14","modified_gmt":"2023-09-28T10:04:14","slug":"piscine","status":"publish","type":"page","link":"https:\/\/www.gite-baran.fr\/index.php\/piscine\/","title":{"rendered":"La piscine"},"content":{"rendered":"<p><img loading=\"lazy\" decoding=\"async\" class=\" wp-image-234 alignleft\" src=\"https:\/\/www.gite-baran.fr\/wp-content\/uploads\/2012\/02\/PISCINE-0017-300x199.jpg\" alt=\"piscine\" width=\"671\" height=\"445\" srcset=\"https:\/\/www.gite-baran.fr\/wp-content\/uploads\/2012\/02\/PISCINE-0017-300x199.jpg 300w, https:\/\/www.gite-baran.fr\/wp-content\/uploads\/2012\/02\/PISCINE-0017-768x510.jpg 768w, https:\/\/www.gite-baran.fr\/wp-content\/uploads\/2012\/02\/PISCINE-0017-1024x680.jpg 1024w, https:\/\/www.gite-baran.fr\/wp-content\/uploads\/2012\/02\/PISCINE-0017.jpg 1600w\" sizes=\"(max-width: 671px) 100vw, 671px\" \/><\/p>\n<h3>La piscine 12m X 5m<\/h3>\n<p>Vous profiterez sur place de la nature, d&rsquo;un grand jardin et d\u2019une piscine 5,5 x 12 avec abri t\u00e9lescopique afin de vous offrir un espace de plaisir s\u00e9curis\u00e9 et un confort de baignade permanent (eau r\u00e9chauff\u00e9e) sans se soucier des caprices de la m\u00e9t\u00e9o.<\/p>\n<p>&nbsp;<\/p>\n<p>Bien plac\u00e9s, entre les deux g\u00eetes cette piscine \u00e0 \u00e9t\u00e9 sp\u00e9cialement \u00e9tudi\u00e9e pour vous procurez le maximum de plaisir pendant tout votre s\u00e9jour. Ferm\u00e9, les enfants sont en s\u00e9curit\u00e9.<\/p>\n<p>&nbsp;<\/p>\n<p>Bien entendu, la vigilance et la responsabilit\u00e9 des parents est toujours de vigueur.Chaque locataire s&rsquo;engagera par la signature du contrat \u00e0 ne recourir \u00e0 aucune poursuite de quelque nature quelle soit en cas de noyade ou de blessures.<\/p>\n<p><img loading=\"lazy\" decoding=\"async\" class=\" wp-image-238 alignleft\" src=\"https:\/\/www.gite-baran.fr\/wp-content\/uploads\/2012\/02\/PISCINE-Couverte-2-300x199.jpg\" alt=\"piscine-couverte\" width=\"509\" height=\"337\" srcset=\"https:\/\/www.gite-baran.fr\/wp-content\/uploads\/2012\/02\/PISCINE-Couverte-2-300x199.jpg 300w, https:\/\/www.gite-baran.fr\/wp-content\/uploads\/2012\/02\/PISCINE-Couverte-2-768x510.jpg 768w, https:\/\/www.gite-baran.fr\/wp-content\/uploads\/2012\/02\/PISCINE-Couverte-2-1024x680.jpg 1024w, https:\/\/www.gite-baran.fr\/wp-content\/uploads\/2012\/02\/PISCINE-Couverte-2.jpg 1600w\" sizes=\"(max-width: 509px) 100vw, 509px\" \/><\/p>\n<p><img loading=\"lazy\" decoding=\"async\" class=\"wp-image-233 alignleft\" src=\"https:\/\/www.gite-baran.fr\/wp-content\/uploads\/2012\/02\/DSC_0006-300x199.jpg\" width=\"502\" height=\"333\" srcset=\"https:\/\/www.gite-baran.fr\/wp-content\/uploads\/2012\/02\/DSC_0006-300x199.jpg 300w, https:\/\/www.gite-baran.fr\/wp-content\/uploads\/2012\/02\/DSC_0006-768x510.jpg 768w, https:\/\/www.gite-baran.fr\/wp-content\/uploads\/2012\/02\/DSC_0006-1024x680.jpg 1024w, https:\/\/www.gite-baran.fr\/wp-content\/uploads\/2012\/02\/DSC_0006.jpg 1600w\" sizes=\"(max-width: 502px) 100vw, 502px\" \/><\/p>\n<p>&nbsp;<\/p>\n<p>&nbsp;<\/p>\n","protected":false},"excerpt":{"rendered":"<p>La piscine 12m X 5m Vous profiterez sur place de la nature, d\u2019un grand jardin et d\u2019une piscine 5,5 x 12 avec abri t\u00e9lescopique afin de vous offrir un espace de plaisir s\u00e9curis\u00e9 et un confort de baignade permanent (eau r\u00e9chauff\u00e9e) sans se soucier des caprices de la m\u00e9t\u00e9o.   Bien plac\u00e9s, entre les deux g\u00eetes cette piscine \u00e0 \u00e9t\u00e9 sp\u00e9cialement \u00e9tudi\u00e9e pour vous procurez le maximum de plaisir pendant tout votre s\u00e9jour.<\/p>\n","protected":false},"author":1,"featured_media":233,"parent":0,"menu_order":0,"comment_status":"closed","ping_status":"closed","template":"template-full.php","meta":{"ngg_post_thumbnail":0,"footnotes":""},"_links":{"self":[{"href":"https:\/\/www.gite-baran.fr\/index.php\/wp-json\/wp\/v2\/pages\/14"}],"collection":[{"href":"https:\/\/www.gite-baran.fr\/index.php\/wp-json\/wp\/v2\/pages"}],"about":[{"href":"https:\/\/www.gite-baran.fr\/index.php\/wp-json\/wp\/v2\/types\/page"}],"author":[{"embeddable":true,"href":"https:\/\/www.gite-baran.fr\/index.php\/wp-json\/wp\/v2\/users\/1"}],"replies":[{"embeddable":true,"href":"https:\/\/www.gite-baran.fr\/index.php\/wp-json\/wp\/v2\/comments?post=14"}],"version-history":[{"count":2,"href":"https:\/\/www.gite-baran.fr\/index.php\/wp-json\/wp\/v2\/pages\/14\/revisions"}],"predecessor-version":[{"id":885,"href":"https:\/\/www.gite-baran.fr\/index.php\/wp-json\/wp\/v2\/pages\/14\/revisions\/885"}],"wp:featuredmedia":[{"embeddable":true,"href":"https:\/\/www.gite-baran.fr\/index.php\/wp-json\/wp\/v2\/media\/233"}],"wp:attachment":[{"href":"https:\/\/www.gite-baran.fr\/index.php\/wp-json\/wp\/v2\/media?parent=14"}],"curies":[{"name":"wp","href":"https:\/\/api.w.org\/{rel}","templated":true}]}}